{"id":30,"date":"2021-12-13T09:39:05","date_gmt":"2021-12-13T09:39:05","guid":{"rendered":"http:\/\/www.seksuolog.gliwice.pl\/?page_id=30"},"modified":"2021-12-13T09:39:05","modified_gmt":"2021-12-13T09:39:05","slug":"kontakt","status":"publish","type":"page","link":"http:\/\/www.seksuolog.gliwice.pl\/?page_id=30","title":{"rendered":"Kontakt"},"content":{"rendered":"\n\t\t<div class=\"is-layout-flex wp-container-2 wp-block-columns alignfull\">\n\t\t<div class=\"is-layout-flow wp-block-column\">\n\t\t<div style=\"width: 100%\"><iframe loading=\"lazy\" width=\"100%\" height=\"400\" frameborder=\"0\" scrolling=\"no\" marginheight=\"0\" marginwidth=\"0\" src=\"https:\/\/maps.google.com\/maps?width=100%25&amp;height=400&amp;hl=en&amp;q=povernei%2020+(My%20Business%20Name)&amp;t=&amp;z=14&amp;ie=UTF8&amp;iwloc=B&amp;output=embed\"><\/iframe><\/div>\n\t\t\n\t\t\n\t\t\n\t\t<p><\/p>\n\t\t<\/div>\n\t\t<\/div>\n\t\t\n\t\t\n\t\t\n\t\t<div class=\"is-layout-flex wp-container-9 wp-block-columns container\">\n\t\t<div class=\"is-layout-flow wp-block-column is-vertically-aligned-center\">\n\t\t<h2 class=\"hestia-title\">Send us a message<\/h2>\n\t\t\n\t\t\n\t\t\n\t\t<div style=\"height:40px\" aria-hidden=\"true\" class=\"wp-block-spacer\"><\/div>\n\t\t\n\t\t\n\t\t\n\t\t<div class=\"contact-wrapper\">\n\t\t\t\t\t\t\t\t\t\t\t\t\t\t\t\t\t\t\t<div class=\"content\">\n\t\t\t\n\t\t\t  <form>\n\t\t\t   <div class=\"form-group\">\n\t\t\t    <input type=\"text\" id=\"fname\" name=\"firstname\" placeholder=\"Your name..\">\n\t\t\t<\/div>\n\t\t\t<div class=\"form-group\">\n\t\t\t    <input type=\"text\" id=\"lname\" name=\"lastname\" placeholder=\"Your last name..\">\n\t\t\t<\/div>\n\t\t\t<div class=\"form-group\">\n\t\t\t    <textarea id=\"subject\" name=\"subject\" placeholder=\"Write something..\" style=\"height:200px\"><\/textarea>\n\t\t\t<\/div>\n\t\t\t    <input type=\"submit\" value=\"Submit\">\n\t\t\t\n\t\t\t  <\/form>\n\t\t\t<\/div>\n\t\t\t<\/div>\n\t\t<\/div>\n\t\t\n\t\t\n\t\t\n\t\t<div class=\"is-layout-flow wp-block-column is-vertically-aligned-center\">\n\t\t<div class=\"is-layout-flex wp-container-7 wp-block-columns\">\n\t\t<div class=\"is-layout-flow wp-block-column\"><\/div>\n\t\t\n\t\t\n\t\t\n\t\t<div class=\"is-layout-flow wp-block-column\" style=\"flex-basis:50%\">\n\t\t<h4 class=\"has-text-align-left hestia-title has-text-color\" style=\"color:#3c4858;font-size:18px\"><img decoding=\"async\" class=\"wp-image-86\" style=\"width: 25px;\" src=\"http:\/\/www.seksuolog.gliwice.pl\/wp-content\/themes\/hestia\/assets\/img\/contact1.png\" alt=\"Map icon\">  <strong>Find us at the office<\/strong><\/h4>\n\t\t\n\t\t\n\t\t\n\t\t<p class=\"has-text-align-left has-text-color\" style=\"color:#999999;font-size:14px\">Strada Povernei, nr 20<br>Bucharest<br>Romania<\/p>\n\t\t\n\t\t\n\t\t\n\t\t<div style=\"height:40px\" aria-hidden=\"true\" class=\"wp-block-spacer\"><\/div>\n\t\t\n\t\t\n\t\t\n\t\t<h4 class=\"has-text-align-left hestia-title has-text-color\" style=\"color:#3c4858;font-size:18px\"><img decoding=\"async\" class=\"wp-image-98\" style=\"width: 25px;\" src=\"http:\/\/www.seksuolog.gliwice.pl\/wp-content\/themes\/hestia\/assets\/img\/contact2.png\" alt=\"\">  <strong><strong>Give us a ring<\/strong><\/strong><\/h4>\n\t\t\n\t\t\n\t\t\n\t\t<p class=\"has-text-align-left has-text-color\" style=\"color:#999999;font-size:14px\">John Doe<br>+40 712 345 678<br>Mon &#8211; Fri, 8:00-22:00<\/p>\n\t\t\n\t\t\n\t\t\n\t\t<div style=\"height:40px\" aria-hidden=\"true\" class=\"wp-block-spacer\"><\/div>\n\t\t\n\t\t\n\t\t\n\t\t<h4 class=\"has-text-align-left hestia-title has-text-color\" style=\"color:#3c4858;font-size:18px\"><img decoding=\"async\" class=\"wp-image-105\" style=\"width: 25px;\" src=\"http:\/\/www.seksuolog.gliwice.pl\/wp-content\/themes\/hestia\/assets\/img\/contact3.png\" alt=\"\"><strong>  <strong>Legal information<\/strong><\/strong><\/h4>\n\t\t\n\t\t\n\t\t\n\t\t<p class=\"has-text-align-left has-text-color\" style=\"color:#999999;font-size:14px\">John Doe Co.<br>Fiscal Code: 12345678<\/p>\n\t\t<\/div>\n\t\t\n\t\t\n\t\t\n\t\t<div class=\"is-layout-flow wp-block-column\"><\/div>\n\t\t<\/div>\n\t\t<\/div>\n\t\t<\/div>\n\t\t\n\t\t\n\t\t\n\t\t<p><\/p>\n\t\t","protected":false},"excerpt":{"rendered":"<p>Send us a message Find us at the office Strada Povernei, nr 20BucharestRomania Give us a ring John Doe+40 712 345 678Mon &#8211; Fri, 8:00-22:00 Legal information John Doe Co.Fiscal Code: 12345678<\/p>\n","protected":false},"author":1,"featured_media":22,"parent":0,"menu_order":0,"comment_status":"closed","ping_status":"closed","template":"page-templates\/template-pagebuilder-full-width.php","meta":[],"yoast_head":"<!-- This site is optimized with the Yoast SEO plugin v19.14 - https:\/\/yoast.com\/wordpress\/plugins\/seo\/ -->\n<title>Kontakt - Magdalena Sochacka<\/title>\n<meta name=\"robots\" content=\"index, follow, max-snippet:-1, max-image-preview:large, max-video-preview:-1\" \/>\n<link rel=\"canonical\" href=\"http:\/\/www.seksuolog.gliwice.pl\/?page_id=30\" \/>\n<meta property=\"og:locale\" content=\"pl_PL\" \/>\n<meta property=\"og:type\" content=\"article\" \/>\n<meta property=\"og:title\" content=\"Kontakt - Magdalena Sochacka\" \/>\n<meta property=\"og:description\" content=\"Send us a message Find us at the office Strada Povernei, nr 20BucharestRomania Give us a ring John Doe+40 712 345 678Mon &#8211; Fri, 8:00-22:00 Legal information John Doe Co.Fiscal Code: 12345678\" \/>\n<meta property=\"og:url\" content=\"http:\/\/www.seksuolog.gliwice.pl\/?page_id=30\" \/>\n<meta property=\"og:site_name\" content=\"Magdalena Sochacka\" \/>\n<meta property=\"og:image\" content=\"http:\/\/www.seksuolog.gliwice.pl\/wp-content\/uploads\/2021\/12\/contact-1.jpg\" \/>\n\t<meta property=\"og:image:width\" content=\"1024\" \/>\n\t<meta property=\"og:image:height\" content=\"683\" \/>\n\t<meta property=\"og:image:type\" content=\"image\/jpeg\" \/>\n<meta name=\"twitter:card\" content=\"summary_large_image\" \/>\n<script type=\"application\/ld+json\" class=\"yoast-schema-graph\">{\"@context\":\"https:\/\/schema.org\",\"@graph\":[{\"@type\":\"WebPage\",\"@id\":\"http:\/\/www.seksuolog.gliwice.pl\/?page_id=30\",\"url\":\"http:\/\/www.seksuolog.gliwice.pl\/?page_id=30\",\"name\":\"Kontakt - Magdalena Sochacka\",\"isPartOf\":{\"@id\":\"https:\/\/www.seksuolog.gliwice.pl\/#website\"},\"datePublished\":\"2021-12-13T09:39:05+00:00\",\"dateModified\":\"2021-12-13T09:39:05+00:00\",\"breadcrumb\":{\"@id\":\"http:\/\/www.seksuolog.gliwice.pl\/?page_id=30#breadcrumb\"},\"inLanguage\":\"pl-PL\",\"potentialAction\":[{\"@type\":\"ReadAction\",\"target\":[\"http:\/\/www.seksuolog.gliwice.pl\/?page_id=30\"]}]},{\"@type\":\"BreadcrumbList\",\"@id\":\"http:\/\/www.seksuolog.gliwice.pl\/?page_id=30#breadcrumb\",\"itemListElement\":[{\"@type\":\"ListItem\",\"position\":1,\"name\":\"Strona g\u0142\u00f3wna\",\"item\":\"https:\/\/www.seksuolog.gliwice.pl\/\"},{\"@type\":\"ListItem\",\"position\":2,\"name\":\"Kontakt\"}]},{\"@type\":\"WebSite\",\"@id\":\"https:\/\/www.seksuolog.gliwice.pl\/#website\",\"url\":\"https:\/\/www.seksuolog.gliwice.pl\/\",\"name\":\"Magdalena Sochacka\",\"description\":\"psychiatra, seksuolog \u015al\u0105sk-Gliwice, depresja, l\u0119ki, zaburzenia psychiczne, nerwica, erekcja, zaburzenia wzwodu, wytrysk przedwczesny, transseksualizm, alkoholizm, Magdalena Sochacka\",\"potentialAction\":[{\"@type\":\"SearchAction\",\"target\":{\"@type\":\"EntryPoint\",\"urlTemplate\":\"https:\/\/www.seksuolog.gliwice.pl\/?s={search_term_string}\"},\"query-input\":\"required name=search_term_string\"}],\"inLanguage\":\"pl-PL\"}]}<\/script>\n<!-- \/ Yoast SEO plugin. -->","yoast_head_json":{"title":"Kontakt - Magdalena Sochacka","robots":{"index":"index","follow":"follow","max-snippet":"max-snippet:-1","max-image-preview":"max-image-preview:large","max-video-preview":"max-video-preview:-1"},"canonical":"http:\/\/www.seksuolog.gliwice.pl\/?page_id=30","og_locale":"pl_PL","og_type":"article","og_title":"Kontakt - Magdalena Sochacka","og_description":"Send us a message Find us at the office Strada Povernei, nr 20BucharestRomania Give us a ring John Doe+40 712 345 678Mon &#8211; Fri, 8:00-22:00 Legal information John Doe Co.Fiscal Code: 12345678","og_url":"http:\/\/www.seksuolog.gliwice.pl\/?page_id=30","og_site_name":"Magdalena Sochacka","og_image":[{"width":1024,"height":683,"url":"http:\/\/www.seksuolog.gliwice.pl\/wp-content\/uploads\/2021\/12\/contact-1.jpg","type":"image\/jpeg"}],"twitter_card":"summary_large_image","schema":{"@context":"https:\/\/schema.org","@graph":[{"@type":"WebPage","@id":"http:\/\/www.seksuolog.gliwice.pl\/?page_id=30","url":"http:\/\/www.seksuolog.gliwice.pl\/?page_id=30","name":"Kontakt - Magdalena Sochacka","isPartOf":{"@id":"https:\/\/www.seksuolog.gliwice.pl\/#website"},"datePublished":"2021-12-13T09:39:05+00:00","dateModified":"2021-12-13T09:39:05+00:00","breadcrumb":{"@id":"http:\/\/www.seksuolog.gliwice.pl\/?page_id=30#breadcrumb"},"inLanguage":"pl-PL","potentialAction":[{"@type":"ReadAction","target":["http:\/\/www.seksuolog.gliwice.pl\/?page_id=30"]}]},{"@type":"BreadcrumbList","@id":"http:\/\/www.seksuolog.gliwice.pl\/?page_id=30#breadcrumb","itemListElement":[{"@type":"ListItem","position":1,"name":"Strona g\u0142\u00f3wna","item":"https:\/\/www.seksuolog.gliwice.pl\/"},{"@type":"ListItem","position":2,"name":"Kontakt"}]},{"@type":"WebSite","@id":"https:\/\/www.seksuolog.gliwice.pl\/#website","url":"https:\/\/www.seksuolog.gliwice.pl\/","name":"Magdalena Sochacka","description":"psychiatra, seksuolog \u015al\u0105sk-Gliwice, depresja, l\u0119ki, zaburzenia psychiczne, nerwica, erekcja, zaburzenia wzwodu, wytrysk przedwczesny, transseksualizm, alkoholizm, Magdalena Sochacka","potentialAction":[{"@type":"SearchAction","target":{"@type":"EntryPoint","urlTemplate":"https:\/\/www.seksuolog.gliwice.pl\/?s={search_term_string}"},"query-input":"required name=search_term_string"}],"inLanguage":"pl-PL"}]}},"_links":{"self":[{"href":"http:\/\/www.seksuolog.gliwice.pl\/index.php?rest_route=\/wp\/v2\/pages\/30"}],"collection":[{"href":"http:\/\/www.seksuolog.gliwice.pl\/index.php?rest_route=\/wp\/v2\/pages"}],"about":[{"href":"http:\/\/www.seksuolog.gliwice.pl\/index.php?rest_route=\/wp\/v2\/types\/page"}],"author":[{"embeddable":true,"href":"http:\/\/www.seksuolog.gliwice.pl\/index.php?rest_route=\/wp\/v2\/users\/1"}],"replies":[{"embeddable":true,"href":"http:\/\/www.seksuolog.gliwice.pl\/index.php?rest_route=%2Fwp%2Fv2%2Fcomments&post=30"}],"version-history":[{"count":1,"href":"http:\/\/www.seksuolog.gliwice.pl\/index.php?rest_route=\/wp\/v2\/pages\/30\/revisions"}],"predecessor-version":[{"id":39,"href":"http:\/\/www.seksuolog.gliwice.pl\/index.php?rest_route=\/wp\/v2\/pages\/30\/revisions\/39"}],"wp:featuredmedia":[{"embeddable":true,"href":"http:\/\/www.seksuolog.gliwice.pl\/index.php?rest_route=\/wp\/v2\/media\/22"}],"wp:attachment":[{"href":"http:\/\/www.seksuolog.gliwice.pl\/index.php?rest_route=%2Fwp%2Fv2%2Fmedia&parent=30"}],"curies":[{"name":"wp","href":"https:\/\/api.w.org\/{rel}","templated":true}]}}